{"id":349,"date":"2024-11-27T14:52:10","date_gmt":"2024-11-27T14:52:10","guid":{"rendered":"https:\/\/tokaj-portius.com\/?post_type=product&#038;p=349"},"modified":"2024-11-27T17:18:02","modified_gmt":"2024-11-27T17:18:02","slug":"angyalok-2023","status":"publish","type":"product","link":"https:\/\/tokaj-portius.com\/?product=angyalok-2023","title":{"rendered":"Angyalok 2023"},"content":{"rendered":"","protected":false},"excerpt":{"rendered":"<p>A fine, ripe Furmint and H\u00e1rslevel\u0171 cuv\u00e9e offers a light, joyful encounter. Its attractive, fresh aroma and fruity cheerfulness are the key to a great mood.<\/p>\n<p><strong>Tokaji Late Harvest Cuv\u00e9e 2023, OEM Sweet White Wine<\/strong><\/p>\n","protected":false},"featured_media":350,"comment_status":"open","ping_status":"closed","template":"","meta":[],"product_brand":[],"product_cat":[33],"product_tag":[],"class_list":{"0":"post-349","1":"product","2":"type-product","3":"status-publish","4":"has-post-thumbnail","6":"product_cat-angyalok-2023","8":"entry","9":"has-media","11":"first","12":"instock","13":"shipping-taxable","14":"purchasable","15":"product-type-simple","16":"has-product-nav","17":"col","18":"span_1_of_3","19":"owp-content-center","20":"owp-thumbs-layout-horizontal","21":"owp-btn-normal","22":"owp-tabs-layout-horizontal","23":"has-no-thumbnails"},"_links":{"self":[{"href":"https:\/\/tokaj-portius.com\/index.php?rest_route=\/wp\/v2\/product\/349","targetHints":{"allow":["GET"]}}],"collection":[{"href":"https:\/\/tokaj-portius.com\/index.php?rest_route=\/wp\/v2\/product"}],"about":[{"href":"https:\/\/tokaj-portius.com\/index.php?rest_route=\/wp\/v2\/types\/product"}],"replies":[{"embeddable":true,"href":"https:\/\/tokaj-portius.com\/index.php?rest_route=%2Fwp%2Fv2%2Fcomments&post=349"}],"wp:featuredmedia":[{"embeddable":true,"href":"https:\/\/tokaj-portius.com\/index.php?rest_route=\/wp\/v2\/media\/350"}],"wp:attachment":[{"href":"https:\/\/tokaj-portius.com\/index.php?rest_route=%2Fwp%2Fv2%2Fmedia&parent=349"}],"wp:term":[{"taxonomy":"product_brand","embeddable":true,"href":"https:\/\/tokaj-portius.com\/index.php?rest_route=%2Fwp%2Fv2%2Fproduct_brand&post=349"},{"taxonomy":"product_cat","embeddable":true,"href":"https:\/\/tokaj-portius.com\/index.php?rest_route=%2Fwp%2Fv2%2Fproduct_cat&post=349"},{"taxonomy":"product_tag","embeddable":true,"href":"https:\/\/tokaj-portius.com\/index.php?rest_route=%2Fwp%2Fv2%2Fproduct_tag&post=349"}],"curies":[{"name":"wp","href":"https:\/\/api.w.org\/{rel}","templated":true}]}}